{"id":708,"date":"2015-11-30T16:00:42","date_gmt":"2015-11-30T15:00:42","guid":{"rendered":"http:\/\/www.matteofrozzi.it\/?page_id=708&#038;lang=en"},"modified":"2015-11-30T16:00:42","modified_gmt":"2015-11-30T15:00:42","slug":"privacy","status":"publish","type":"page","link":"https:\/\/www.matteofrozzi.it\/en\/privacy\/","title":{"rendered":"Privacy"},"content":{"rendered":"<p><strong>Informativa per trattamento di dati personali &#8211; Documento informativo ai sensi e per gli effetti di cui all\u2019articolo 13, D.Lgs. 30 giugno 2003 n. 196 <\/strong><\/p>\n<p>In osservanza al D.Lgs. 30 giugno 2003 n. 196 (Codice Privacy) e successive variazioni, siamo a fornirLe le dovute informazioni in ordine al trattamento dei dati personali da lei forniti. L&#8217;informativa non \u00e8 da considerarsi valida per altri siti web eventualmente consultabili tramite <em>links <\/em>presenti sui siti internet a dominio del titolare, che non \u00e8 da considerarsi in alcun modo responsabile dei siti internet dei terzi. Si tratta di un&#8217;informativa che \u00e8 resa anche ai sensi dell&#8217;<a href=\"http:\/\/www.garanteprivacy.it\/garante\/doc.jsp?ID=1311248#articolo13\">art. 13 del d.lg. n. 196\/2003 &#8211; Codice in materia di protezione dei dati personali<\/a>.\u00a0\u00a0 L&#8217;informativa si ispira anche alla Raccomandazione n. 2\/2001 che le autorit\u00e0 europee per la protezione dei dati personali, riunite nel Gruppo istituito dall&#8217;<a href=\"http:\/\/www.garanteprivacy.it\/garante\/document?ID=432175\">art. 29 della direttiva n. 95\/46\/CE<\/a>, hanno adottato il 17 maggio 2001 per individuare alcuni requisiti minimi per la raccolta di dati personali\u00a0on-line, e, in particolare, le modalit\u00e0, i tempi e la natura delle informazioni che i titolari del trattamento devono fornire agli utenti quando questi si collegano a pagine\u00a0web, indipendentemente dagli scopi del collegamento, nonch\u00e9 a quanto previsto dalla Direttiva 2002\/58\/CE, come aggiornata dalla <a href=\"http:\/\/eur-lex.europa.eu\/LexUriServ\/LexUriServ.do?uri=OJ:L:2009:337:0011:0036:it:PDF\">Direttiva 2009\/136\/CE<\/a>, in materia di Cookie.<\/p>\n<p><strong>\u00a0<\/strong><\/p>\n<ol>\n<li><strong> IL &#8220;TITOLARE&#8221; DEL TRATTAMENTO<\/strong>, ai sensi dell\u2019<a href=\"http:\/\/www.garanteprivacy.it\/web\/guest\/home\/docweb\/-\/docweb-display\/docweb\/1311248#articolo28\">articolo 28<\/a> del Codice in materia di protezione dei dati personali \u00e8\u00a0<strong>Studi Dentistici Dr. Matteo Frozzi<\/strong> nella persona del legale rappresentante pro-tempore.<\/li>\n<\/ol>\n<p><strong>\u00a0<\/strong><\/p>\n<p><strong>2.TIPI DI DATI TRATTATI<\/strong><\/p>\n<p><strong>Dato personale e identificativo. <\/strong><\/p>\n<p>Dato personale, qualunque informazione relativa a persona fisica, identificata o identificabile, anche indirettamente, mediante riferimento a qualsiasi altra informazione, ivi compreso un numero di identificazione personale; Dati identificativi, i dati personali che permettono l&#8217;identificazione diretta dell&#8217;interessato (quali a titolo esemplificativo nome, cognome, data di nascita, indirizzo, indirizzo e-mail, numero di telefono, ecc&#8230;).<\/p>\n<p><em><strong>Dati di navigazione<\/strong><\/em><\/p>\n<p>I sistemi informatici e le procedure\u00a0<em>software<\/em>\u00a0preposte al funzionamento di questo sito\u00a0<em>web<\/em>\u00a0acquisiscono, nel corso del loro normale esercizio, alcuni dati personali la cui trasmissione \u00e8 implicita nell&#8217;uso dei protocolli di comunicazione di Internet.<br \/>\nSi tratta di informazioni che non sono raccolte per essere associate a interessati identificati, ma che per loro stessa natura potrebbero, attraverso elaborazioni ed associazioni con dati detenuti da terzi, permettere di identificare gli utenti.<br \/>\nIn questa categoria di dati rientrano gli indirizzi IP o i nomi a dominio dei computer utilizzati dagli utenti che si connettono al sito, gli indirizzi in notazione\u00a0<em>URI (Uniform Resource Identifier)<\/em>\u00a0delle risorse richieste, l&#8217;orario della richiesta, il metodo utilizzato nel sottoporre la richiesta al server, la dimensione del file ottenuto in risposta, il codice numerico indicante lo stato della risposta data dal\u00a0<em>server<\/em>\u00a0(buon fine, errore, ecc.) ed altri parametri relativi al sistema operativo e all&#8217;ambiente informatico dell&#8217;utente.<br \/>\nQuesti dati vengono utilizzati al solo fine di ricavare informazioni statistiche anonime sull&#8217;uso del sito e per controllarne il corretto funzionamento e vengono cancellati immediatamente dopo l&#8217;elaborazione.<\/p>\n<p><strong>Difesa in giudizio<\/strong><\/p>\n<p>I Dati Personali dell\u2019Utente possono essere utilizzati per la difesa da parte del Titolare in giudizio o nelle fasi propedeutiche alla sua eventuale instaurazione, da abusi nell&#8217;utilizzo della stessa o dei servizi connessi da parte dell\u2019Utente. I dati potrebbero essere\u00a0utilizzati per l&#8217;accertamento di responsabilit\u00e0 in caso di ipotetici reati informatici ai danni del sito.<\/p>\n<p><strong>Manutenzione. <\/strong>I Dati Personali dell\u2019Utente possono essere trattati con modalit\u00e0 e finalit\u00e0 aggiuntive legate alla manutenzione.<\/p>\n<p><em><strong>\u00a0<\/strong><\/em><\/p>\n<p><em><strong>Dati forniti volontariamente dall&#8217;utente<\/strong><\/em><\/p>\n<p>L&#8217;invio facoltativo, esplicito e volontario di posta elettronica agli indirizzi indicati su questo sito e\/o la compilazione di <em>form<\/em> di raccolta dati, comporta la successiva acquisizione dell&#8217;indirizzo del mittente, necessario per rispondere alle richieste, nonch\u00e9 degli eventuali altri dati personali inseriti.<\/p>\n<p><strong>Informative specifiche<\/strong><\/p>\n<p>Informative specifiche potrebbero essere presentate nelle pagine del Sito in relazione a particolari servizi o trattamenti dei Dati forniti dall\u2019Utente o dall\u2019Interessato.<\/p>\n<p><em><strong>Cookies<\/strong><\/em><br \/>\nGli applicativi software utilizzati possono contenere la tecnologia \u201c<em>cookie<\/em>\u201d. I <em>cookies<\/em> hanno principalmente la funzione di agevolare la navigazione da parte dell\u2019utente. I <em>cookies<\/em> potranno fornire informazioni sulla navigazione all\u2019interno del Sito e permettere il funzionamento di alcuni servizi che richiedono l\u2019identificazione del percorso dell\u2019utente attraverso diverse pagine del Sito. Per qualsiasi accesso al portale indipendentemente dalla presenza di un <em>cookie<\/em>, vengono registrati il tipo di <em>browser<\/em> (es. <em>Internet Explorer, Netscape<\/em>), il sistema operativo (es. <em>Macintosh, Windows<\/em>), l\u2019Host e l\u2019URL di provenienza del visitatore, oltre ai dati sulla pagina richiesta. L\u2019utente ha comunque modo di impostare il proprio <em>browser<\/em> in modo da essere informato quando ricevete un <em>cookie<\/em> e decidere in questo modo di eliminarlo. Ulteriori informazioni sui <em>cookies<\/em> sono reperibili sui siti <em>web<\/em> dei forniti di <em>browser<\/em>.<\/p>\n<p><strong>Tipi di cookie<\/strong><\/p>\n<p>&#8220;I <em>cookie<\/em> poi si distinguono in &#8220;di sessione&#8221; e &#8220;persistenti&#8221;, i primi una volta scaricati vengono poi eliminati alla chiusura del Browser, i secondi invece vengono memorizzati sul disco rigido dell&#8217;utente\/visitatore fino alla loro scadenza.<\/p>\n<p>I cookies presenti negli applicativi software utilizzati sono di tipo anonimo e non sono riconducibili ai dati personali dell\u2019utente. Non viene fatto uso di\u00a0cookies\u00a0per la trasmissione di informazioni di carattere personale, n\u00e9 vengono utilizzati c.d. cookies\u00a0persistenti di alcun tipo, ovvero sistemi per il tracciamento degli utenti. L&#8217;uso di c.d.\u00a0cookies\u00a0di sessione (che non vengono memorizzati in modo persistente sul computer dell&#8217;utente e svaniscono con la chiusura del browser) \u00e8 strettamente limitato alla trasmissione di identificativi di sessione (costituiti da numeri casuali generati dal\u00a0server) necessari per consentire l&#8217;esplorazione sicura ed efficiente del sito. I c.d.\u00a0<em>cookies<\/em>\u00a0di sessione utilizzati in questo sito evitano il ricorso ad altre tecniche informatiche potenzialmente pregiudizievoli per la riservatezza della navigazione degli utenti e non consentono l&#8217;acquisizione di dati personali identificativi dell&#8217;utente.<\/p>\n<p>I Cookie di prima parte leggibili al solo dominio che li ha creati; I Cookie di terze parti: creati e leggibili da domini esterni al presente sito. Il software, usato per sito e piattaforma, crea un cookie per utente al fine di generare statistiche di utilizzo, ad esempio tramite Google Analytics. I dati generati da questo cookie sono conservati presso Google Inc.<\/p>\n<p>Per il funzionamento dei cookies in Google Analytics consultare la documentazione ufficiale fornita da Google alla url: <a href=\"http:\/\/code.google.com\/apis\/analytics\/docs\/concepts\/gaConceptsCookies.html\">http:\/\/code.google.com\/apis\/analytics\/docs\/concepts\/gaConceptsCookies.html<\/a><\/p>\n<p>&nbsp;<\/p>\n<p>&nbsp;<\/p>\n<p><strong>3.Finalit\u00e0 del trattamento per le quali si concede consenso laddove richiesto (art. 23 D.Lgs. 196\/03)<\/strong><\/p>\n<p>I dati di natura personale ed eventualmente sensibili, volontariamente forniti saranno oggetto di trattamento per le seguenti finalit\u00e0, fino a sua opposizione:<\/p>\n<ol>\n<li>a) navigazione sul presente sito internet; eventuale richiesta di contatto, con invio di informazioni da Lei richieste; eventuale registrazione sul presente sito internet per la gestione dei Suoi eventuali acquisti online (fatturazione, spedizione, ecc.); attivit\u00e0 amministrativo-contabili in genere;<\/li>\n<li>b) fino a Sua opposizione, invio di attivit\u00e0 informativa\/promozionale\/commerciale, via email, anche mediante iscrizione a mailing list.<\/li>\n<\/ol>\n<p>&nbsp;<\/p>\n<ol start=\"4\">\n<li><strong> Modalit\u00e0 del trattamento &#8211; Conservazione<\/strong><\/li>\n<\/ol>\n<p>Il trattamento sar\u00e0 svolto in forma automatizzata e\/o manuale, con modalit\u00e0 e strumenti volti a garantire la massima sicurezza e riservatezza, ad opera di soggetti di ci\u00f2 appositamente incaricati in ottemperanza a quanto previsto dagli artt. 31 e segg. D.Lgs 196\/03. I dati saranno conservati per un periodo non superiore agli scopi per i quali i dati sono stati raccolti e successivamente trattati.<\/p>\n<p>&nbsp;<\/p>\n<ol start=\"5\">\n<li><strong>Ambito di comunicazione e diffusione<\/strong><\/li>\n<\/ol>\n<p>I Suoi dati, oggetto del trattamento, non saranno diffusi e potranno essere comunicati a societ\u00e0 contrattualmente legate a <strong>Studi Dentistici Dr. Matteo Frozzi<\/strong>, al fine di ottemperare ai contratti o finalit\u00e0 connesse. I dati potranno essere comunicati a terzi appartenenti alle seguenti categorie:<\/p>\n<p>&#8211; soggetti che forniscono servizi per la gestione del sistema informativo usato da\u00a0<strong>Studi Dentistici Dr. Matteo Frozzi<\/strong> e delle reti di telecomunicazioni (ivi compresa la posta elettronica);<\/p>\n<p>&#8211; studi o societ\u00e0 nell&#8217;ambito di rapporti di assistenza e consulenza;<\/p>\n<p>&#8211; autorit\u00e0 competenti per adempimenti di obblighi di leggi e\/o di disposizioni di organi pubblici, su richiesta.<\/p>\n<p>I soggetti appartenenti alle categorie suddette svolgono la funzione di Responsabile del trattamento dei dati, oppure operano in totale autonomia come distinti Titolari del trattamento. L\u2019elenco degli eventuali responsabili \u00e8 costantemente aggiornato e disponibile presso la sede di\u00a0<strong>Studi Dentistici Dr. Matteo Frozzi<\/strong>. Ogni ulteriore comunicazione o diffusione avverr\u00e0 solo previo Suo esplicito consenso.<\/p>\n<p>&nbsp;<\/p>\n<ol start=\"6\">\n<li><strong>Natura del conferimento e rifiuto<\/strong><\/li>\n<\/ol>\n<p>A parte quanto specificato per i dati di navigazione, l&#8217;utente \u00e8 libero di fornire i dati personali.<\/p>\n<p>Il conferimento dei dati per le finalit\u00e0 a) \u00e8 facoltativo ma necessario. Il loro mancato conferimento pu\u00f2 comportare l&#8217;impossibilit\u00e0 di ottenere quanto richiesto o per usufruire dei servizi del titolare del trattamento indicati quali finalit\u00e0 a).<\/p>\n<p>Il conferimento dei dati per le finalit\u00e0 b) \u00e8 facoltativo ma necessario. Il loro mancato conferimento pu\u00f2 comportare l&#8217;impossibilit\u00e0 di ottenere quanto richiesto o per usufruire dei servizi del titolare del trattamento indicati quale finalit\u00e0 b), ma non avr\u00e0 alcuna conseguenza negativa circa la possibilit\u00e0 di ricevere i servizi di cui alle finalit\u00e0 a).<\/p>\n<p><strong>\u00a0<\/strong><\/p>\n<ol start=\"7\">\n<li><strong> DIRITTI DEGLI INTERESSATI<\/strong><\/li>\n<\/ol>\n<p>Lei potr\u00e0 far valere i propri diritti come espressi dall&#8217;art. 7, 8, 9 e 10 del D.Lgs. 30 giugno 2003 n. 196, rivolgendosi al titolare, contattando la ns. sede al numero di telefono +39 0464 588000, oppure inviando una mail all\u2019indirizzo &#105;&#x6e;&#102;&#x6f;&#64;&#x6d;&#97;&#x74;&#116;&#x65;o&#x66;r&#x6f;z&#x7a;i&#x2e;i&#x74; Lei ha il diritto, in qualunque momento, di ottenere la conferma dell&#8217;esistenza o meno dei dati e di conoscerne il contenuto e l&#8217;origine,\u00a0verificarne l&#8217;esattezza o chiederne l&#8217;integrazione o l&#8217;aggiornamento, oppure la rettificazione (<a href=\"http:\/\/www.garanteprivacy.it\/garante\/doc.jsp?ID=1311248#articolo7\"><strong>articolo 7 del Codice in materia di protezione dei dati personali<\/strong><\/a>).<br \/>\nAi sensi del medesimo articolo si ha\u00a0il diritto di chiedere la cancellazione, la trasformazione in forma anonima o il blocco dei dati trattati in violazione di legge, nonch\u00e9 di opporsi in ogni caso, per motivi legittimi, al loro trattamento.<\/p>\n<p>Qualora contatti il titolare \u00e8 pregato di fornire l&#8217;indirizzo di posta elettronica, il nominativo, l&#8217;indirizzo e\/o i numeri di telefono, al fine di permettere la corretta gestione della richiesta.<\/p>\n<p>&nbsp;<\/p>\n<p><strong>\u00a0<\/strong><\/p>\n<ol start=\"8\">\n<li><strong> Modifiche all&#8217;informativa sulla privacy<\/strong><\/li>\n<\/ol>\n<p>Il titolare si riserva il diritto di modificare, aggiornare, aggiungere o rimuovere parti della presente informativa sulla privacy a propria discrezione e in qualsiasi momento. La persona interessata \u00e8 tenuta a verificare periodicamente le eventuali modifiche. Al fine di facilitare tale verifica l&#8217;informativa conterr\u00e0 l&#8217;indicazione della data di aggiornamento dell\u2019informativa. L&#8217;utilizzo del sito, dopo la pubblicazione delle modifiche, costituir\u00e0 accettazione delle stesse.<\/p>\n<p>&nbsp;<\/p>\n<ol start=\"9\">\n<li><strong> FACEBOOK SOCIAL PLUGINS E ALTRI SOCIAL NETWORKS<\/strong><\/li>\n<\/ol>\n<p>Le nostre pagine web e APPS potrebbero contenere plug-in del social networks (es. Facebook, Twitter, Google+, Pinterest, ecc\u2026). Se si accede a una delle nostre pagine web dotata di un simile plug-in, il browser internet si collega direttamente ai server del social network e il plug-in viene visualizzato sullo schermo grazie alla connessione con il browser. Se un interessato utente di un social networks visita le nostre pagine web, mentre \u00e8 collegato al proprio account social, i suoi dati personali potrebbero essere associati all\u2019account social. Anche nel caso in cui si utilizzino le funzioni del plug-in, le informazioni saranno associate all\u2019account social. Ulteriori informazioni sulla raccolta e sull\u2019utilizzo dei dati da parte dei social networks in genere, nonch\u00e9 sui diritti e sulle modalit\u00e0 disponibili per proteggere la privacy dell\u2019interessato in tale contesto, sono presenti nelle pagine dei social network dell\u2019account, sulla protezione dei dati. Se l\u2019interessato non desidera associare la visita alle nostre pagine web al proprio account social, deve effettuare il log-off dal social network, prima di visitarle.<\/p>\n<p><strong>Dettagli sul trattamento dei Dati Personali e sui servizi forniti da soggetti terzi<\/strong><\/p>\n<p>I Dati Personali sono raccolti per le seguenti finalit\u00e0 ed utilizzando i seguenti servizi: Interazione con social network e piattaforme esterne. Questi servizi permettono di effettuare interazioni con i social networks, o con altre piattaforme esterne. Le interazioni e le informazioni acquisite sono in ogni caso soggette alle impostazioni privacy dell\u2019Utente relative ad ogni social networks. Nel caso in cui sia installato un servizio di interazione con i social networks, \u00e8 possibile che, anche nel caso gli Utenti non utilizzino il servizio, lo stesso raccolga dati di traffico relativi alle pagine in cui \u00e8 installato.<\/p>\n<p>A titolo esemplificativo:<\/p>\n<p><strong>Pulsante +1 e widget sociali di Google+ (Google)<\/strong><\/p>\n<p>Il pulsante +1 e i widget sociali di Google+ sono servizi di interazione con il social network Google+, forniti da Google Inc.<\/p>\n<p>Dati personali raccolti: Cookie e Dati di navigazione ed utilizzo. Luogo del Trattamento: USA \u2013 <a href=\"http:\/\/www.google.com\/intl\/it\/policies\/privacy\/\">Privacy Policy<\/a><\/p>\n<p><strong>Pulsante Mi Piace e widget sociali di Facebook (Facebook)<\/strong><\/p>\n<p>Il pulsante \u201cMi Piace\u201d e i widget sociali di Facebook sono servizi di interazione con il social network Facebook, forniti da Facebook Inc. Dati personali raccolti: Cookie e Dati di navigazione ed utilizzo. Luogo del Trattamento: USA \u2013 <a href=\"http:\/\/www.facebook.com\/privacy\/explanation.php\">Privacy Policy<\/a><\/p>\n<p><strong>Pulsante Tweet e widget sociali di Twitter (Twitter)<\/strong><\/p>\n<p>Il pulsante Tweet e i widget sociali di Twitter sono servizi di interazione con il social network Twitter, forniti da Twitter Inc.<\/p>\n<p>Dati personali raccolti: Cookie e Dati di navigazione ed utilizzo. Luogo del Trattamento: USA \u2013 <a href=\"http:\/\/twitter.com\/privacy\">Privacy Policy<\/a><\/p>\n<p>&nbsp;<\/p>\n<p>data di aggiornamento: 22 dicembre 2014<\/p>\n<p>&nbsp;<\/p>\n<p><strong>Titolare del trattamento \u00e8<\/strong>: <strong>Studi Dentistici Dr. Matteo Frozzi<\/strong>, nella persona del legale rappresentante <em>pro tempore<\/em><\/p>\n<p><strong>\u00a0<\/strong><\/p>\n<p><strong>\u00a0\u00a0\u00a0\u00a0\u00a0\u00a0\u00a0\u00a0\u00a0\u00a0\u00a0\u00a0\u00a0\u00a0\u00a0 <\/strong><\/p>\n<p>&nbsp;<\/p>\n<p><strong>\u00a0<\/strong><\/p>\n","protected":false},"excerpt":{"rendered":"<p>Informativa per trattamento di dati personali &#8211; Documento informativo ai sensi e per gli effetti di cui all\u2019articolo 13, D.Lgs. 30 giugno 2003 n. 196 In osservanza al D.Lgs. 30 giugno 2003 n. 196 (Codice Privacy) e successive variazioni, siamo a fornirLe le dovute informazioni in ordine al trattamento dei dati personali da lei forniti. [&hellip;]<\/p>\n<a class=\"btn btn-default btn-lg button push\" href=\"https:\/\/www.matteofrozzi.it\/en\/privacy\/\">Continua<\/a>","protected":false},"author":8,"featured_media":0,"parent":0,"menu_order":0,"comment_status":"open","ping_status":"closed","template":"vuoto.php","meta":{"_exactmetrics_skip_tracking":false,"_exactmetrics_sitenote_active":false,"_exactmetrics_sitenote_note":"","_exactmetrics_sitenote_category":0,"footnotes":""},"tags":[],"class_list":["post-708","page","type-page","status-publish","hentry"],"yoast_head":"<!-- This site is optimized with the Yoast SEO plugin v27.5 - https:\/\/yoast.com\/product\/yoast-seo-wordpress\/ -->\n<title>Privacy - Studio Dentistico Frozzi<\/title>\n<meta name=\"robots\" content=\"index, follow, max-snippet:-1, max-image-preview:large, max-video-preview:-1\" \/>\n<link rel=\"canonical\" href=\"https:\/\/www.matteofrozzi.it\/en\/privacy\/\" \/>\n<meta property=\"og:locale\" content=\"en_US\" \/>\n<meta property=\"og:type\" content=\"article\" \/>\n<meta property=\"og:title\" content=\"Privacy - Studio Dentistico Frozzi\" \/>\n<meta property=\"og:description\" content=\"Informativa per trattamento di dati personali &#8211; Documento informativo ai sensi e per gli effetti di cui all\u2019articolo 13, D.Lgs. 30 giugno 2003 n. 196 In osservanza al D.Lgs. 30 giugno 2003 n. 196 (Codice Privacy) e successive variazioni, siamo a fornirLe le dovute informazioni in ordine al trattamento dei dati personali da lei forniti. [&hellip;]\" \/>\n<meta property=\"og:url\" content=\"https:\/\/www.matteofrozzi.it\/en\/privacy\/\" \/>\n<meta property=\"og:site_name\" content=\"Studio Dentistico Frozzi\" \/>\n<meta property=\"og:image\" content=\"https:\/\/www.matteofrozzi.it\/wp-content\/uploads\/2015\/07\/studi-frozzi-og.jpg\" \/>\n\t<meta property=\"og:image:width\" content=\"1000\" \/>\n\t<meta property=\"og:image:height\" content=\"1000\" \/>\n\t<meta property=\"og:image:type\" content=\"image\/jpeg\" \/>\n<meta name=\"twitter:card\" content=\"summary_large_image\" \/>\n<meta name=\"twitter:label1\" content=\"Est. reading time\" \/>\n\t<meta name=\"twitter:data1\" content=\"11 minutes\" \/>\n<script type=\"application\/ld+json\" class=\"yoast-schema-graph\">{\"@context\":\"https:\\\/\\\/schema.org\",\"@graph\":[{\"@type\":\"WebPage\",\"@id\":\"https:\\\/\\\/www.matteofrozzi.it\\\/en\\\/privacy\\\/\",\"url\":\"https:\\\/\\\/www.matteofrozzi.it\\\/en\\\/privacy\\\/\",\"name\":\"Privacy - Studio Dentistico Frozzi\",\"isPartOf\":{\"@id\":\"https:\\\/\\\/www.matteofrozzi.it\\\/#website\"},\"datePublished\":\"2015-11-30T15:00:42+00:00\",\"breadcrumb\":{\"@id\":\"https:\\\/\\\/www.matteofrozzi.it\\\/en\\\/privacy\\\/#breadcrumb\"},\"inLanguage\":\"en-US\",\"potentialAction\":[{\"@type\":\"ReadAction\",\"target\":[\"https:\\\/\\\/www.matteofrozzi.it\\\/en\\\/privacy\\\/\"]}]},{\"@type\":\"BreadcrumbList\",\"@id\":\"https:\\\/\\\/www.matteofrozzi.it\\\/en\\\/privacy\\\/#breadcrumb\",\"itemListElement\":[{\"@type\":\"ListItem\",\"position\":1,\"name\":\"Home\",\"item\":\"https:\\\/\\\/www.matteofrozzi.it\\\/en\\\/\"},{\"@type\":\"ListItem\",\"position\":2,\"name\":\"Privacy\"}]},{\"@type\":\"WebSite\",\"@id\":\"https:\\\/\\\/www.matteofrozzi.it\\\/#website\",\"url\":\"https:\\\/\\\/www.matteofrozzi.it\\\/\",\"name\":\"Studio Dentistico Frozzi\",\"description\":\"\",\"potentialAction\":[{\"@type\":\"SearchAction\",\"target\":{\"@type\":\"EntryPoint\",\"urlTemplate\":\"https:\\\/\\\/www.matteofrozzi.it\\\/?s={search_term_string}\"},\"query-input\":{\"@type\":\"PropertyValueSpecification\",\"valueRequired\":true,\"valueName\":\"search_term_string\"}}],\"inLanguage\":\"en-US\"}]}<\/script>\n<!-- \/ Yoast SEO plugin. -->","yoast_head_json":{"title":"Privacy - Studio Dentistico Frozzi","robots":{"index":"index","follow":"follow","max-snippet":"max-snippet:-1","max-image-preview":"max-image-preview:large","max-video-preview":"max-video-preview:-1"},"canonical":"https:\/\/www.matteofrozzi.it\/en\/privacy\/","og_locale":"en_US","og_type":"article","og_title":"Privacy - Studio Dentistico Frozzi","og_description":"Informativa per trattamento di dati personali &#8211; Documento informativo ai sensi e per gli effetti di cui all\u2019articolo 13, D.Lgs. 30 giugno 2003 n. 196 In osservanza al D.Lgs. 30 giugno 2003 n. 196 (Codice Privacy) e successive variazioni, siamo a fornirLe le dovute informazioni in ordine al trattamento dei dati personali da lei forniti. [&hellip;]","og_url":"https:\/\/www.matteofrozzi.it\/en\/privacy\/","og_site_name":"Studio Dentistico Frozzi","og_image":[{"width":1000,"height":1000,"url":"https:\/\/www.matteofrozzi.it\/wp-content\/uploads\/2015\/07\/studi-frozzi-og.jpg","type":"image\/jpeg"}],"twitter_card":"summary_large_image","twitter_misc":{"Est. reading time":"11 minutes"},"schema":{"@context":"https:\/\/schema.org","@graph":[{"@type":"WebPage","@id":"https:\/\/www.matteofrozzi.it\/en\/privacy\/","url":"https:\/\/www.matteofrozzi.it\/en\/privacy\/","name":"Privacy - Studio Dentistico Frozzi","isPartOf":{"@id":"https:\/\/www.matteofrozzi.it\/#website"},"datePublished":"2015-11-30T15:00:42+00:00","breadcrumb":{"@id":"https:\/\/www.matteofrozzi.it\/en\/privacy\/#breadcrumb"},"inLanguage":"en-US","potentialAction":[{"@type":"ReadAction","target":["https:\/\/www.matteofrozzi.it\/en\/privacy\/"]}]},{"@type":"BreadcrumbList","@id":"https:\/\/www.matteofrozzi.it\/en\/privacy\/#breadcrumb","itemListElement":[{"@type":"ListItem","position":1,"name":"Home","item":"https:\/\/www.matteofrozzi.it\/en\/"},{"@type":"ListItem","position":2,"name":"Privacy"}]},{"@type":"WebSite","@id":"https:\/\/www.matteofrozzi.it\/#website","url":"https:\/\/www.matteofrozzi.it\/","name":"Studio Dentistico Frozzi","description":"","potentialAction":[{"@type":"SearchAction","target":{"@type":"EntryPoint","urlTemplate":"https:\/\/www.matteofrozzi.it\/?s={search_term_string}"},"query-input":{"@type":"PropertyValueSpecification","valueRequired":true,"valueName":"search_term_string"}}],"inLanguage":"en-US"}]}},"_links":{"self":[{"href":"https:\/\/www.matteofrozzi.it\/en\/wp-json\/wp\/v2\/pages\/708","targetHints":{"allow":["GET"]}}],"collection":[{"href":"https:\/\/www.matteofrozzi.it\/en\/wp-json\/wp\/v2\/pages"}],"about":[{"href":"https:\/\/www.matteofrozzi.it\/en\/wp-json\/wp\/v2\/types\/page"}],"author":[{"embeddable":true,"href":"https:\/\/www.matteofrozzi.it\/en\/wp-json\/wp\/v2\/users\/8"}],"replies":[{"embeddable":true,"href":"https:\/\/www.matteofrozzi.it\/en\/wp-json\/wp\/v2\/comments?post=708"}],"version-history":[{"count":1,"href":"https:\/\/www.matteofrozzi.it\/en\/wp-json\/wp\/v2\/pages\/708\/revisions"}],"predecessor-version":[{"id":726,"href":"https:\/\/www.matteofrozzi.it\/en\/wp-json\/wp\/v2\/pages\/708\/revisions\/726"}],"wp:attachment":[{"href":"https:\/\/www.matteofrozzi.it\/en\/wp-json\/wp\/v2\/media?parent=708"}],"wp:term":[{"taxonomy":"post_tag","embeddable":true,"href":"https:\/\/www.matteofrozzi.it\/en\/wp-json\/wp\/v2\/tags?post=708"}],"curies":[{"name":"wp","href":"https:\/\/api.w.org\/{rel}","templated":true}]}}